

{"id":812,"date":"2019-07-25T09:46:19","date_gmt":"2019-07-25T09:46:19","guid":{"rendered":"https:\/\/iqonic.design\/wp-themes\/consultab\/?page_id=812"},"modified":"2020-03-04T21:37:26","modified_gmt":"2020-03-04T20:37:26","slug":"contact-us","status":"publish","type":"page","link":"https:\/\/smfredry.pl\/index.php\/contact-us\/","title":{"rendered":"Kontakt"},"content":{"rendered":"<p>[vc_row full_width=&#8221;stretch_row&#8221; css=&#8221;.vc_custom_1571468645531{margin-top: -100px !important;}&#8221;][vc_column][vc_row_inner equal_height=&#8221;yes&#8221; content_placement=&#8221;middle&#8221;][vc_column_inner width=&#8221;1\/3&#8243; offset=&#8221;vc_col-lg-4 vc_col-md-4&#8243;]<div class=\"title-box  text-left \"><span class=\"title-design\"><\/span><h2 class=\"title\">Kontakt:<\/h2><\/div>[\/vc_column_inner][vc_column_inner width=&#8221;2\/3&#8243; offset=&#8221;vc_col-lg-8 vc_col-md-8&#8243;][vc_column_text el_class=&#8221;no-margin&#8221;]Dla os\u00f3b chc\u0105cych si\u0119 z nami skontaktowa\u0107:[\/vc_column_text][\/vc_column_inner][\/vc_row_inner][vc_row_inner css=&#8221;.vc_custom_1567589619777{padding-top: 45px !important;}&#8221;][vc_column_inner width=&#8221;1\/4&#8243; offset=&#8221;vc_col-lg-3 vc_col-md-3&#8243;]<div class=\"contact-box  text-  \"> <i aria-hidden=\"true\" class=\"flaticon flaticon-phone-call\"><\/i> <div class=\"service-detail\"><h5 class=\"mb-2\">Telefon:<\/h5><ul class=\"list-inline mb-0\"><li><a href=\"tel:+48146813056;+48146763591\">\r\r\n\t\t\t\t\t\t+48 14 681 30 56; +48 14 676 35 91<\/a><\/li><li><a href=\"tel:tel.kom.530256975\">\r\r\n\t\t\t\t\t\ttel. kom. 530256975<\/a><\/li><\/ul><\/div><\/div>[\/vc_column_inner][vc_column_inner el_class=&#8221;mt-4 mt-lg-0 mt-md-0&#8243; width=&#8221;1\/4&#8243; offset=&#8221;vc_col-lg-3 vc_col-md-3&#8243;]<div class=\"contact-box  text-  \"> <i aria-hidden=\"true\" class=\"flaticon flaticon-document-3\"><\/i> <div class=\"service-detail\"><h5 class=\"mb-2\">Adres e-mail:<\/h5><ul class=\"list-inline mb-0\"><li><a href=\"mailto:smimafredry@wp.pl\">\r\r\n\t\t\t\t\tsmimafredry@wp.pl<\/a><\/li><\/ul><\/div><\/div>[\/vc_column_inner][vc_column_inner el_class=&#8221;mt-4 mt-lg-0&#8243; width=&#8221;1\/4&#8243; offset=&#8221;vc_col-lg-3 vc_col-md-3&#8243;]<div class=\"contact-box  text-  \"> <i aria-hidden=\"true\" class=\"flaticon flaticon-placeholder\"><\/i> <div class=\"service-detail\"><h5 class=\"mb-2\">Adres:<\/h5><p class=\"mb-0\">ul. Kraszewskiego 23\r\n39-200 D\u0119bica\r\nwoj. podkarpackie<\/p><\/div><\/div>[\/vc_column_inner][vc_column_inner width=&#8221;1\/4&#8243; css=&#8221;.vc_custom_1583354244311{background-color: #f7f7f9 !important;}&#8221;][vc_column_text]<\/p>\n<p style=\"text-align: center;\"><strong>Telefon alarmowy:<\/strong><\/p>\n<p style=\"text-align: center;\">731 908 257<\/p>\n<p style=\"text-align: center;\">czynny po godzinach urz\u0119dowania biura administracji i w dniach wolnych od pracy<\/p>\n<p>[\/vc_column_text][\/vc_column_inner][\/vc_row_inner][\/vc_column][\/vc_row][vc_row full_width=&#8221;stretch_row&#8221; css=&#8221;.vc_custom_1574228918659{padding-bottom: 0px !important;background-color: #f7f7f9 !important;}&#8221; el_class=&#8221;contact-two&#8221;][vc_column width=&#8221;1\/2&#8243; offset=&#8221;vc_col-lg-6 vc_col-md-6&#8243;][vc_column_text]<strong>Rachunek bankowy:<br \/>\nPowszechna Kasa Oszcz\u0119dno\u015bci Bank Polski S.A.<\/strong><br \/>\n<strong>06 1020 4405 0000 2302 0409 2250<\/strong><\/p>\n<p>NIP 872-00-03-232<br \/>\nREGON 850051278<br \/>\nKRS 0000174445[\/vc_column_text][\/vc_column][vc_column width=&#8221;1\/2&#8243; offset=&#8221;vc_col-lg-6 vc_col-md-6&#8243; el_class=&#8221;mt-5 mt-xl-0 mt-lg-0 mt-md-0&#8243;][vc_gmaps link=&#8221;#E-8_JTNDaWZyYW1lJTIwc3JjJTNEJTIyaHR0cHMlM0ElMkYlMkZ3d3cuZ29vZ2xlLmNvbSUyRm1hcHMlMkZlbWJlZCUzRnBiJTNEJTIxMW0xOCUyMTFtMTIlMjExbTMlMjExZDI1NjEuOTg4MTUyMDkwMjMxMyUyMTJkMjEuNDAxNjAyODkzNTQ0OTY1JTIxM2Q1MC4wNDkwNTMyNDUzMzkwMjQlMjEybTMlMjExZjAlMjEyZjAlMjEzZjAlMjEzbTIlMjExaTEwMjQlMjEyaTc2OCUyMTRmMTMuMSUyMTNtMyUyMTFtMiUyMTFzMHg0NzNkMGEyNGZmNWFmNGM1JTI1M0EweGU0NDkxZTRjYmIwYTkzMGYlMjEyc0tyYXN6ZXdza2llZ28lMjUyMDIzJTI1MkMlMjUyMEtyYXN6ZXdza2llZ28lMjUyMDIzJTI1MkMlMjUyMDM5LTIwMCUyNTIwRCUyNUM0JTI1OTliaWNhJTIxNWUwJTIxM20yJTIxMXNwbCUyMTJzcGwlMjE0djE1ODE4OTk1MjU2NTAlMjE1bTIlMjExc3BsJTIxMnNwbCUyMiUyMHdpZHRoJTNEJTIyNjAwJTIyJTIwaGVpZ2h0JTNEJTIyNDUwJTIyJTIwZnJhbWVib3JkZXIlM0QlMjIwJTIyJTIwc3R5bGUlM0QlMjJib3JkZXIlM0EwJTNCJTIyJTIwYWxsb3dmdWxsc2NyZWVuJTNEJTIyJTIyJTNFJTNDJTJGaWZyYW1lJTNF&#8221; el_class=&#8221;no-margin&#8221;][\/vc_column][\/vc_row]<\/p>\n","protected":false},"excerpt":{"rendered":"<p>[vc_row full_width=&#8221;stretch_row&#8221; css=&#8221;.vc_custom_1571468645531{margin-top: -100px !important;}&#8221;][vc_column][vc_row_inner equal_height=&#8221;yes&#8221; content_placement=&#8221;middle&#8221;][vc_column_inner width=&#8221;1\/3&#8243; offset=&#8221;vc_col-lg-4 vc_col-md-4&#8243;][\/vc_column_inner][vc_column_inner width=&#8221;2\/3&#8243; offset=&#8221;vc_col-lg-8 vc_col-md-8&#8243;][vc_column_text el_class=&#8221;no-margin&#8221;]Dla os\u00f3b chc\u0105cych si\u0119 z nami skontaktowa\u0107:[\/vc_column_text][\/vc_column_inner][\/vc_row_inner][vc_row_inner css=&#8221;.vc_custom_1567589619777{padding-top: 45px !important;}&#8221;][vc_column_inner width=&#8221;1\/4&#8243; offset=&#8221;vc_col-lg-3 vc_col-md-3&#8243;][\/vc_column_inner][vc_column_inner el_class=&#8221;mt-4 mt-lg-0 mt-md-0&#8243; width=&#8221;1\/4&#8243; offset=&#8221;vc_col-lg-3 vc_col-md-3&#8243;][\/vc_column_inner][vc_column_inner el_class=&#8221;mt-4 mt-lg-0&#8243; width=&#8221;1\/4&#8243; offset=&#8221;vc_col-lg-3 vc_col-md-3&#8243;][\/vc_column_inner][vc_column_inner width=&#8221;1\/4&#8243; css=&#8221;.vc_custom_1583354244311{background-color: #f7f7f9 !important;}&#8221;][vc_column_text] Telefon alarmowy: 731 908 257 czynny po godzinach urz\u0119dowania biura administracji i w dniach [&hellip;]<\/p>\n","protected":false},"author":1,"featured_media":0,"parent":0,"menu_order":0,"comment_status":"closed","ping_status":"closed","template":"full-page.php","meta":{"_monsterinsights_skip_tracking":false,"_monsterinsights_sitenote_active":false,"_monsterinsights_sitenote_note":"","_monsterinsights_sitenote_category":0,"footnotes":""},"_links":{"self":[{"href":"https:\/\/smfredry.pl\/index.php\/wp-json\/wp\/v2\/pages\/812"}],"collection":[{"href":"https:\/\/smfredry.pl\/index.php\/wp-json\/wp\/v2\/pages"}],"about":[{"href":"https:\/\/smfredry.pl\/index.php\/wp-json\/wp\/v2\/types\/page"}],"author":[{"embeddable":true,"href":"https:\/\/smfredry.pl\/index.php\/wp-json\/wp\/v2\/users\/1"}],"replies":[{"embeddable":true,"href":"https:\/\/smfredry.pl\/index.php\/wp-json\/wp\/v2\/comments?post=812"}],"version-history":[{"count":13,"href":"https:\/\/smfredry.pl\/index.php\/wp-json\/wp\/v2\/pages\/812\/revisions"}],"predecessor-version":[{"id":4341,"href":"https:\/\/smfredry.pl\/index.php\/wp-json\/wp\/v2\/pages\/812\/revisions\/4341"}],"wp:attachment":[{"href":"https:\/\/smfredry.pl\/index.php\/wp-json\/wp\/v2\/media?parent=812"}],"curies":[{"name":"wp","href":"https:\/\/api.w.org\/{rel}","templated":true}]}}