

{"id":641,"date":"2019-07-24T06:40:30","date_gmt":"2019-07-24T06:40:30","guid":{"rendered":"https:\/\/iqonic.design\/wp-themes\/consultab\/?page_id=641"},"modified":"2026-03-19T20:08:53","modified_gmt":"2026-03-19T19:08:53","slug":"about-us","status":"publish","type":"page","link":"https:\/\/smfredry.pl\/index.php\/about-us\/","title":{"rendered":"O nas"},"content":{"rendered":"<p>[vc_row css=&#8221;.vc_custom_1574052395545{padding-top: 0px !important;}&#8221; el_class=&#8221;about-us-images&#8221;][vc_column offset=&#8221;vc_col-lg-6 vc_col-md-6&#8243;]<div class=\"title-box mb-3 text-left \"><span class=\"title-design\">O Nas<\/span><h2 class=\"title\">Podstawowe informacje o sp\u00f3\u0142dzielni<\/h2><\/div>[vc_column_text el_class=&#8221;mt-4&#8243;]Sp\u00f3\u0142dzielnia Mieszkaniowa im. A. Fredry w D\u0119bicy zosta\u0142a za\u0142o\u017cona 26 grudnia 1992 r. \u00d3wczesny Stomil D\u0119bica (obecnie Firma Oponiarska D\u0118BICA S.A.) aktem notarialnym przekaza\u0142 nieodp\u0142atnie na rzecz Sp\u00f3\u0142dzielni cztery dzia\u0142ki o powierzchni 30 517 m kw. wraz ze znajduj\u0105cymi si\u0119 na nich obiektami.<\/p>\n<p>W swoich zasobach posiadamy 12 budynk\u00f3w:<\/p>\n<ul>\n<li>5 czteroklatkowych przy ul. Fredry,<\/li>\n<li>5 dwuklatkowych przy ul. Fredry,<\/li>\n<li>1 o\u015bmioklatkowy przy ul. Rzeszowskiej,<\/li>\n<li>1 jednoklatkowy przy ul. Kraszewskiego, w kt\u00f3rym mie\u015bci si\u0119 r\u00f3wnie\u017c siedziba Sp\u00f3\u0142dzielni.<\/li>\n<\/ul>\n<p>\u0141\u0105cznie Sp\u00f3\u0142dzielnia liczy 415 mieszka\u0144.<\/p>\n<p>W 1995 roku zosta\u0142 zakupiona dzia\u0142ka o pow. 3030 m kw. le\u017c\u0105ca obok osiedla, kt\u00f3r\u0105 przeznaczono pod budow\u0119 gara\u017cy. Nied\u0142ugo p\u00f3\u017aniej zosta\u0142 r\u00f3wnie\u017c wykupiony teren o pow. 750 m kw. pod budow\u0119 boiska sportowego dla dzieci i m\u0142odzie\u017cy oraz plac zabaw dla dzieci.<\/p>\n<p>Nasza Sp\u00f3\u0142dzielnia, jako jedna z pierwszych w naszym regionie dokona\u0142a opomiarowania centralnego ogrzewania w 100%. Posiadamy w\u0142asn\u0105 sie\u0107 telewizji kablowej.<\/p>\n<p>Dogodna lokalizacja na obrze\u017cach centrum miasta oraz zadbane ziele\u0144ce sprawiaj\u0105, \u017ce mieszkania naszej Sp\u00f3\u0142dzielni s\u0105 postrzegane jako atrakcyjne miejsce zamieszkania.[\/vc_column_text][\/vc_column][vc_column el_class=&#8221;text-lg-right text-center mt-5 mt-lg-0 mt-xl-0&#8243; offset=&#8221;vc_col-lg-6 vc_col-md-6&#8243;]<div class=\"scroll-effect  \"><img decoding=\"async\" src=\"https:\/\/smfredry.pl\/wp-content\/uploads\/2020\/02\/DJI_0130X-Copy.jpg\" class=\"img-fluid img-one\" alt=\"#\"><div class=\"year-box\">\r\n\t\t\t\t\t\t\t\t<span>28<\/span>\r\n\t\t\t\t\t\t\t\t<P class=\"mb-0\">Lat istnienia<\/p>\r\n\t\t\t\t\t\t\t\t<\/div><\/div>[vc_empty_space height=&#8221;16px&#8221;]<div class=\"scroll-effect  \"><img decoding=\"async\" src=\"https:\/\/smfredry.pl\/wp-content\/uploads\/2020\/02\/DJI_0440_1-Copy.jpg\" class=\"img-fluid img-one\" alt=\"#\"><div class=\"year-box\">\r\n\t\t\t\t\t\t\t\t<span>12<\/span>\r\n\t\t\t\t\t\t\t\t<P class=\"mb-0\">budynk\u00f3w<\/p>\r\n\t\t\t\t\t\t\t\t<\/div><\/div>[vc_empty_space height=&#8221;16px&#8221;]<div class=\"scroll-effect  \"><img decoding=\"async\" src=\"https:\/\/smfredry.pl\/wp-content\/uploads\/2020\/02\/DJI_0403-Copy.jpg\" class=\"img-fluid img-one\" alt=\"#\"><div class=\"year-box\">\r\n\t\t\t\t\t\t\t\t<span>415<\/span>\r\n\t\t\t\t\t\t\t\t<P class=\"mb-0\">mieszka\u0144<\/p>\r\n\t\t\t\t\t\t\t\t<\/div><\/div>[\/vc_column][\/vc_row][vc_row css=&#8221;.vc_custom_1574052395545{padding-top: 0px !important;}&#8221; el_class=&#8221;about-us-images&#8221;][vc_column offset=&#8221;vc_col-lg-6 vc_col-md-6&#8243;]<div class=\"title-box mb-3 text-left \"><span class=\"title-design\"><\/span><h2 class=\"title\">W\u0142adze Sp\u00f3\u0142dzielni<\/h2><\/div>[\/vc_column][\/vc_row][vc_row css=&#8221;.vc_custom_1565156547898{padding-top: 0px !important;padding-bottom: 65px !important;}&#8221;][vc_column width=&#8221;1\/3&#8243;][vc_custom_heading text=&#8221;Zarz\u0105d&#8221; font_container=&#8221;tag:h4|text_align:left&#8221; use_theme_fonts=&#8221;yes&#8221; el_class=&#8221;mb-2&#8243;][vc_column_text]Pocz\u0105wszy od grudnia 2012 zarz\u0105d sp\u00f3\u0142dzielni mieszkaniowej sk\u0142ada si\u0119 z nast\u0119puj\u0105cych os\u00f3b<\/p>\n<ul>\n<li><strong>Janusz Kusza<\/strong> \u2013 prezes zarz\u0105du<\/li>\n<li><strong>Irena Czaja<\/strong> \u2013 zast\u0119pca prezesa zarz\u0105du<\/li>\n<\/ul>\n<p>[\/vc_column_text][\/vc_column][vc_column width=&#8221;1\/3&#8243;][vc_custom_heading text=&#8221;Rada Nadzorcza&#8221; font_container=&#8221;tag:h4|text_align:left&#8221; use_theme_fonts=&#8221;yes&#8221; el_class=&#8221;mb-2&#8243;][vc_column_text]<\/p>\n<ul>\n<li><strong>Andrzej Bal <\/strong>\u2013 przewodnicz\u0105cy rady nadzorczej<\/li>\n<li><strong>Bo\u017cena Gawry\u015b <\/strong>\u2013 zast\u0119pca przewodnicz\u0105cego rady nadzorczej<\/li>\n<li><strong>Jerzy Szuka\u0142a <\/strong>\u2013 sekretarz rady nadzorczej<\/li>\n<\/ul>\n<p>[\/vc_column_text][\/vc_column][vc_column width=&#8221;1\/3&#8243;][vc_custom_heading text=&#8221;Cz\u0142onkowie rady nadzorczej&#8221; font_container=&#8221;tag:h4|text_align:left&#8221; use_theme_fonts=&#8221;yes&#8221; el_class=&#8221;mb-2&#8243;][vc_column_text]<\/p>\n<ul>\n<li><strong>Augustyn Barys <\/strong>&#8211; cz\u0142onek rady nadzorczej<\/li>\n<li style=\"text-align: left;\"><strong>Kazimierz Bryniarski<\/strong> &#8211; cz\u0142onek rady nadzorczej<\/li>\n<\/ul>\n<p>[\/vc_column_text][vc_column_text][\/vc_column_text][\/vc_column][\/vc_row]<\/p>\n","protected":false},"excerpt":{"rendered":"<p>[vc_row css=&#8221;.vc_custom_1574052395545{padding-top: 0px !important;}&#8221; el_class=&#8221;about-us-images&#8221;][vc_column offset=&#8221;vc_col-lg-6 vc_col-md-6&#8243;][vc_column_text el_class=&#8221;mt-4&#8243;]Sp\u00f3\u0142dzielnia Mieszkaniowa im. A. Fredry w D\u0119bicy zosta\u0142a za\u0142o\u017cona 26 grudnia 1992 r. \u00d3wczesny Stomil D\u0119bica (obecnie Firma Oponiarska D\u0118BICA S.A.) aktem notarialnym przekaza\u0142 nieodp\u0142atnie na rzecz Sp\u00f3\u0142dzielni cztery dzia\u0142ki o powierzchni 30 517 m kw. wraz ze znajduj\u0105cymi si\u0119 na nich obiektami. W swoich zasobach posiadamy 12 [&hellip;]<\/p>\n","protected":false},"author":1,"featured_media":0,"parent":0,"menu_order":0,"comment_status":"closed","ping_status":"closed","template":"full-page.php","meta":{"_monsterinsights_skip_tracking":false,"_monsterinsights_sitenote_active":false,"_monsterinsights_sitenote_note":"","_monsterinsights_sitenote_category":0,"footnotes":""},"_links":{"self":[{"href":"https:\/\/smfredry.pl\/index.php\/wp-json\/wp\/v2\/pages\/641"}],"collection":[{"href":"https:\/\/smfredry.pl\/index.php\/wp-json\/wp\/v2\/pages"}],"about":[{"href":"https:\/\/smfredry.pl\/index.php\/wp-json\/wp\/v2\/types\/page"}],"author":[{"embeddable":true,"href":"https:\/\/smfredry.pl\/index.php\/wp-json\/wp\/v2\/users\/1"}],"replies":[{"embeddable":true,"href":"https:\/\/smfredry.pl\/index.php\/wp-json\/wp\/v2\/comments?post=641"}],"version-history":[{"count":20,"href":"https:\/\/smfredry.pl\/index.php\/wp-json\/wp\/v2\/pages\/641\/revisions"}],"predecessor-version":[{"id":4606,"href":"https:\/\/smfredry.pl\/index.php\/wp-json\/wp\/v2\/pages\/641\/revisions\/4606"}],"wp:attachment":[{"href":"https:\/\/smfredry.pl\/index.php\/wp-json\/wp\/v2\/media?parent=641"}],"curies":[{"name":"wp","href":"https:\/\/api.w.org\/{rel}","templated":true}]}}