

{"id":4147,"date":"2020-02-17T00:08:52","date_gmt":"2020-02-16T23:08:52","guid":{"rendered":"https:\/\/wolak.it\/spoldzielnia?page_id=4147"},"modified":"2024-02-01T11:12:12","modified_gmt":"2024-02-01T10:12:12","slug":"regulacje-prawne","status":"publish","type":"page","link":"https:\/\/smfredry.pl\/index.php\/regulacje-prawne\/","title":{"rendered":"Regulacje prawne"},"content":{"rendered":"\n<ul><li><a href=\"https:\/\/smfredry.pl\/wp-content\/uploads\/2024\/02\/Regulamin-c.o..pdf\" target=\"_blank\" rel=\"noreferrer noopener\" aria-label=\" (otwiera si\u0119 w nowej zak\u0142adce)\">Regulamin rozliczania zu\u017cycia ciep\u0142a na cele centralnego ogrzewania i podgrzewu ciep\u0142ej wody<\/a><\/li><li><a href=\"https:\/\/smfredry.pl\/index.php\/regulamin-porzadku-domowego\/\">Regulamin porz\u0105dku domowego<\/a><\/li><li><a href=\"https:\/\/smfredry.pl\/index.php\/statut-spoldzielni-mieszkaniowej\/\">Statut Sp\u00f3\u0142dzielni Mieszkaniowej<\/a><\/li><\/ul>\n","protected":false},"excerpt":{"rendered":"<p>Regulamin rozliczania zu\u017cycia ciep\u0142a na cele centralnego ogrzewania i podgrzewu ciep\u0142ej wody Regulamin porz\u0105dku domowego Statut Sp\u00f3\u0142dzielni Mieszkaniowej<\/p>\n","protected":false},"author":1,"featured_media":0,"parent":0,"menu_order":0,"comment_status":"closed","ping_status":"closed","template":"full-page.php","meta":{"_monsterinsights_skip_tracking":false,"_monsterinsights_sitenote_active":false,"_monsterinsights_sitenote_note":"","_monsterinsights_sitenote_category":0,"footnotes":""},"_links":{"self":[{"href":"https:\/\/smfredry.pl\/index.php\/wp-json\/wp\/v2\/pages\/4147"}],"collection":[{"href":"https:\/\/smfredry.pl\/index.php\/wp-json\/wp\/v2\/pages"}],"about":[{"href":"https:\/\/smfredry.pl\/index.php\/wp-json\/wp\/v2\/types\/page"}],"author":[{"embeddable":true,"href":"https:\/\/smfredry.pl\/index.php\/wp-json\/wp\/v2\/users\/1"}],"replies":[{"embeddable":true,"href":"https:\/\/smfredry.pl\/index.php\/wp-json\/wp\/v2\/comments?post=4147"}],"version-history":[{"count":7,"href":"https:\/\/smfredry.pl\/index.php\/wp-json\/wp\/v2\/pages\/4147\/revisions"}],"predecessor-version":[{"id":4484,"href":"https:\/\/smfredry.pl\/index.php\/wp-json\/wp\/v2\/pages\/4147\/revisions\/4484"}],"wp:attachment":[{"href":"https:\/\/smfredry.pl\/index.php\/wp-json\/wp\/v2\/media?parent=4147"}],"curies":[{"name":"wp","href":"https:\/\/api.w.org\/{rel}","templated":true}]}}