

{"id":3363,"date":"2019-09-13T04:44:25","date_gmt":"2019-09-13T04:44:25","guid":{"rendered":"https:\/\/iqonic.design\/wp-themes\/consultab\/?page_id=3363"},"modified":"2020-09-03T15:47:41","modified_gmt":"2020-09-03T13:47:41","slug":"home","status":"publish","type":"page","link":"https:\/\/smfredry.pl\/","title":{"rendered":"Home"},"content":{"rendered":"<p>[vc_row css=&#8221;.vc_custom_1562747978734{padding-top: 0px !important;padding-bottom: 0px !important;}&#8221;][vc_column][rev_slider_vc alias=&#8221;consultab1&#8243; el_class=&#8221;no-margin&#8221;][\/vc_column][\/vc_row][vc_row full_width=&#8221;stretch_row&#8221; css=&#8221;.vc_custom_1571207820419{background-color: #f7f7f9 !important;}&#8221; el_class=&#8221;service-effect-bg&#8221;][vc_column][vc_row_inner equal_height=&#8221;yes&#8221; content_placement=&#8221;middle&#8221;][vc_column_inner width=&#8221;2\/3&#8243; offset=&#8221;vc_col-lg-6 vc_col-md-6&#8243;]<div class=\"title-box title-shadow mb-3 text-left \"><span class=\"title-design\"><\/span><h2 class=\"title\">Najwa\u017cniejsze informacje<\/h2><\/div>[\/vc_column_inner][vc_column_inner el_class=&#8221;white-btn&#8221; offset=&#8221;vc_col-lg-6 vc_col-md-6&#8243;]<div class=\"d-block text-left text-left text-lg-right text-md-left mt-3 mt-lg-0 \"><a class=\"button button-icon\" href=\"https:\/\/smfredry.pl\/index.php\/contact-us\/\"><span class=\"btn-effect\"> KONTAKT<\/span><\/a><\/div>[\/vc_column_inner][\/vc_row_inner][vc_row_inner css=&#8221;.vc_custom_1567063302995{padding-top: 45px !important;}&#8221;][vc_column_inner el_class=&#8221;mt-lg-0 mt-5&#8243; offset=&#8221;vc_col-lg-4 vc_col-md-4&#8243;]<div class=\"Consulting-box  text-left \">\r\r\n\t\t\t\t<img decoding=\"async\" src=\"https:\/\/smfredry.pl\/wp-content\/uploads\/2020\/02\/DJI_0127-scaled.jpg\" alt=\"fancybox\" \/>\r\r\n\t\t\t\t<div class=\"consult-effect\"><\/div>\r\r\n\t\t\t\t<div class=\"details-box clearfix\">\r\r\n\t\t\t\t\t<div class=\"consult-details\">\r\r\n\t\t\t\t\t\t<h4>Informacje<\/h4>\r\r\n\t\t\t\t\t\t<p class=\"mb-0\">o sp\u00f3\u0142dzielni<\/p>\r\r\n\t\t\t\t\t<\/div>\r\r\n\t\t\t\t\t<a href=\"https:\/\/smfredry.pl\/index.php\/about-us\/\"> <i aria-hidden=\"true\" class=\"ion ion-plus\"><\/i> <\/a>\r\r\n\t\t\t\t<\/div>\r\r\n\t\t\t<\/div>[\/vc_column_inner][vc_column_inner el_class=&#8221;mt-lg-0 mt-5&#8243; offset=&#8221;vc_col-lg-4 vc_col-md-4&#8243;]<div class=\"Consulting-box  text-left \">\r\r\n\t\t\t\t<img decoding=\"async\" src=\"https:\/\/smfredry.pl\/wp-content\/uploads\/2020\/02\/tab1.jpg\" alt=\"fancybox\" \/>\r\r\n\t\t\t\t<div class=\"consult-effect\"><\/div>\r\r\n\t\t\t\t<div class=\"details-box clearfix\">\r\r\n\t\t\t\t\t<div class=\"consult-details\">\r\r\n\t\t\t\t\t\t<h4>Dokumenty sp\u00f3\u0142dzielni<\/h4>\r\r\n\t\t\t\t\t\t<p class=\"mb-0\">i regulacje prawne<\/p>\r\r\n\t\t\t\t\t<\/div>\r\r\n\t\t\t\t\t<a href=\"https:\/\/smfredry.pl\/index.php\/regulacje-prawne\/\"> <i aria-hidden=\"true\" class=\"ion ion-plus\"><\/i> <\/a>\r\r\n\t\t\t\t<\/div>\r\r\n\t\t\t<\/div>[\/vc_column_inner][vc_column_inner offset=&#8221;vc_col-lg-4 vc_col-md-4&#8243;]<div class=\"Consulting-box  text-left \">\r\r\n\t\t\t\t<img decoding=\"async\" src=\"https:\/\/smfredry.pl\/wp-content\/uploads\/2020\/02\/tab2.jpg\" alt=\"fancybox\" \/>\r\r\n\t\t\t\t<div class=\"consult-effect\"><\/div>\r\r\n\t\t\t\t<div class=\"details-box clearfix\">\r\r\n\t\t\t\t\t<div class=\"consult-details\">\r\r\n\t\t\t\t\t\t<h4>Godziny otwarcia<\/h4>\r\r\n\t\t\t\t\t\t<p class=\"mb-0\">biur sp\u00f3\u0142dzielni<\/p>\r\r\n\t\t\t\t\t<\/div>\r\r\n\t\t\t\t\t<a href=\"https:\/\/smfredry.pl\/index.php\/contact-us\/\"> <i aria-hidden=\"true\" class=\"ion ion-plus\"><\/i> <\/a>\r\r\n\t\t\t\t<\/div>\r\r\n\t\t\t<\/div>[\/vc_column_inner][\/vc_row_inner][\/vc_column][\/vc_row][vc_row][vc_column offset=&#8221;vc_col-lg-6 vc_col-md-6&#8243;]<div class=\"title-box mb-3 text-left \"><span class=\"title-design\">Nasza sp\u00f3\u0142dzielnia<\/span><h2 class=\"title\">Mieszkania naszej Sp\u00f3\u0142dzielni s\u0105 postrzegane jako atrakcyjne miejsce zamieszkania<\/h2><\/div>[vc_column_text el_class=&#8221;mb-4&#8243;]\u0141\u0105cznie Sp\u00f3\u0142dzielnia liczy 415 mieszka\u0144, zlokalizowanych w 12 budynkach:[\/vc_column_text]\r\r\n\t\t<div class=\"text-left mb-4 \">\r\r\n\t\t\t<ul class=\"iq-list\"><li><i class=\"fas fa-home\"><\/i><span>5 czteroklatkowych przy ul. Fredry,<\/span><\/li><li><i class=\"fas fa-home\"><\/i><span>5 dwuklatkowych przy ul. Fredry,<\/span><\/li><li><i class=\"fas fa-home\"><\/i><span>1 o\u015bmioklatkowy przy ul. Rzeszowskiej,<\/span><\/li><li><i class=\"fas fa-home\"><\/i><span>1 jednoklatkowy przy ul. Kraszewskiego, w kt\u00f3rym mie\u015bci si\u0119 r\u00f3wnie\u017c siedziba Sp\u00f3\u0142dzielni.<\/span><\/li><\/ul>\r\r\n\t\t<\/div><div class=\"d-block text-left mt-5 \"><a class=\"button button-icon\" href=\"https:\/\/wolak.it\/spoldzielniaindex.php\/about-us\/\"><span class=\"btn-effect\"> Wi\u0119cej informacji<\/span><\/a><\/div>[\/vc_column][vc_column el_class=&#8221;text-lg-right mt-5 mt-lg-0&#8243; offset=&#8221;vc_col-lg-6 vc_col-md-6&#8243;]<div class=\"scroll-effect  \"><img decoding=\"async\" src=\"https:\/\/smfredry.pl\/wp-content\/uploads\/2020\/02\/DJI_0153-scaled.jpg\" class=\"img-fluid img-one\" alt=\"#\"><div class=\"year-box\">\r\n\t\t\t\t\t\t\t\t<span>28<\/span>\r\n\t\t\t\t\t\t\t\t<P class=\"mb-0\">lat istnienia.<\/p>\r\n\t\t\t\t\t\t\t\t<\/div><\/div>[\/vc_column][\/vc_row][vc_row full_width=&#8221;stretch_row&#8221; parallax=&#8221;content-moving&#8221; parallax_image=&#8221;4072&#8243; el_class=&#8221;service-bg effect-banner&#8221;][vc_column][vc_row_inner][vc_column_inner offset=&#8221;vc_col-lg-offset-3 vc_col-lg-6 vc_col-md-12&#8243;]<div class=\"title-box  text-center \"><span class=\"title-design\">Dlaczego S.M. Fredry?<\/span><h2 class=\"title\">G\u0142\u00f3wne atuty:<\/h2><\/div>[\/vc_column_inner][\/vc_row_inner][vc_row_inner][vc_column_inner offset=&#8221;vc_col-lg-4 vc_col-md-4&#8243;]\r\r\n\t\t<div class=\"service-box  text- \">\r\r\n\t\t\t\t <i aria-hidden=\"true\" class=\"flaticon flaticon-accounting\"><\/i> \r\r\n                <div class=\"service-detail align-self-center\"><h4 class=\"mb-2\">Lokalizacja niemal w centrum D\u0119bicy<\/h4><p>Sp\u00f3\u0142dzielnia po\u0142o\u017cona jest bardzo blisko d\u0119bickiego rynku<\/p><\/div>\r\r\n        <\/div>[\/vc_column_inner][vc_column_inner el_class=&#8221;mt-5 mt-lg-0 mt-xl-0&#8243; offset=&#8221;vc_col-lg-4 vc_col-md-4&#8243;]\r\r\n\t\t<div class=\"service-box  text- \">\r\r\n\t\t\t\t <i aria-hidden=\"true\" class=\"flaticon flaticon-accounting\"><\/i> \r\r\n                <div class=\"service-detail align-self-center\"><h4 class=\"mb-2\">Boisko sportowe i plac zabaw dla dzieci<\/h4><p>Bezpo\u015brednio obok mieszka\u0144 znajduj\u0105 si\u0119 dogodne miejsca do rozrywki dla dzieci i m\u0142odzie\u017cy<\/p><\/div>\r\r\n        <\/div>[\/vc_column_inner][vc_column_inner el_class=&#8221;mt-5 mt-lg-0 mt-xl-0&#8243; offset=&#8221;vc_col-lg-4 vc_col-md-4&#8243;]\r\r\n\t\t<div class=\"service-box  text- \">\r\r\n\t\t\t\t <i aria-hidden=\"true\" class=\"flaticon flaticon-growth\"><\/i> \r\r\n                <div class=\"service-detail align-self-center\"><h4 class=\"mb-2\">W\u0142asna sie\u0107 telewizji kablowej<\/h4><p>Dost\u0119p do telewizji obejmuje 100% mieszka\u0144 w naszej sp\u00f3\u0142dzielni<\/p><\/div>\r\r\n        <\/div>[\/vc_column_inner][\/vc_row_inner][vc_row_inner][vc_column_inner el_class=&#8221;mt-5&#8243; offset=&#8221;vc_col-lg-4 vc_col-md-4&#8243;]\r\r\n\t\t<div class=\"service-box  text- \">\r\r\n\t\t\t\t <i aria-hidden=\"true\" class=\"flaticon flaticon-growth\"><\/i> \r\r\n                <div class=\"service-detail align-self-center\"><h4 class=\"mb-2\">Blisko\u015b\u0107 szko\u0142y...<\/h4><p>Dogodna lokalizacja nie tylko w pobli\u017cu rynku, ale tak\u017ce Szko\u0142y Podstawowej numer 4,.<\/p><\/div>\r\r\n        <\/div>[\/vc_column_inner][vc_column_inner el_class=&#8221;mt-5&#8243; offset=&#8221;vc_col-lg-4 vc_col-md-4&#8243;]\r\r\n\t\t<div class=\"service-box  text- \">\r\r\n\t\t\t\t <i aria-hidden=\"true\" class=\"flaticon flaticon-investment\"><\/i> \r\r\n                <div class=\"service-detail align-self-center\"><h4 class=\"mb-2\">...oraz kina i bibliotek<\/h4><p>W kilka minut spacerem mo\u017cna doj\u015b\u0107 tak\u017ce do pobliskiej biblioteki oraz kina Kosmos<\/p><\/div>\r\r\n        <\/div>[\/vc_column_inner][vc_column_inner el_class=&#8221;mt-5&#8243; offset=&#8221;vc_col-lg-4 vc_col-md-4&#8243;]\r\r\n\t\t<div class=\"service-box  text- \">\r\r\n\t\t\t\t <i aria-hidden=\"true\" class=\"flaticon flaticon-risk\"><\/i> \r\r\n                <div class=\"service-detail align-self-center\"><h4 class=\"mb-2\">Centralne ogrzewanie w ka\u017cdym mieszkaniu<\/h4><p>Ka\u017cde mieszkanie posiada dogodny dost\u0119p do sieci centralnego ogrzewania<\/p><\/div>\r\r\n        <\/div>[\/vc_column_inner][\/vc_row_inner][\/vc_column][\/vc_row][vc_row el_class=&#8221;over-history-blog&#8221; css=&#8221;.vc_custom_1568017184184{padding-top: 0px !important;}&#8221;][vc_column][vc_row_inner][vc_column_inner offset=&#8221;vc_col-lg-offset-3 vc_col-lg-6&#8243;][vc_empty_space height=&#8221;50px&#8221;]<div class=\"title-box  text-center \"><span class=\"title-design\">Historia sp\u00f3\u0142dzielni<\/span><h2 class=\"title\">Najwa\u017cniejsze daty<\/h2><\/div>[\/vc_column_inner][\/vc_row_inner]<div class=\"swiper-container  \"><div class=\"swiper-wrapper\"><div class=\"swiper-slide\"><div class=\"project-year\"><h5 class=\"text-center\">1992<\/h5><div class=\"consulting-project\"><div class=\"consult-detail\"><img decoding=\"async\" src=\"https:\/\/smfredry.pl\/wp-content\/uploads\/2020\/02\/powstanie.jpg\" class=\"img-fluid center-block\"  alt=\"#\"><\/div><div class=\"main-project clearfix text-left\"><div class=\"project-details\"><h4 class=\"mb-2\">Powstanie sp\u00f3\u0142dzielni<\/h4><p class=\"mb-0\">\u00d3wczesny Stomil D\u0119bica (obecnie Firma Oponiarska D\u0118BICA S.A.) aktem notarialnym przekaza\u0142 nieodp\u0142atnie na rzecz Sp\u00f3\u0142dzielni cztery dzia\u0142ki o powierzchni 30 517 m kw. wraz ze znajduj\u0105cymi si\u0119 na nich obiektami<\/p><\/div><\/div><\/div><\/div><\/div><div class=\"swiper-slide\"><div class=\"project-year\"><h5 class=\"text-center\">1995<\/h5><div class=\"consulting-project\"><div class=\"consult-detail\"><img decoding=\"async\" src=\"https:\/\/smfredry.pl\/wp-content\/uploads\/2020\/02\/garaze.jpg\" class=\"img-fluid center-block\"  alt=\"#\"><\/div><div class=\"main-project clearfix text-left\"><div class=\"project-details\"><h4 class=\"mb-2\">Zakup teren\u00f3w pod budow\u0119 gara\u017cy<\/h4><p class=\"mb-0\">W 1995 roku zosta\u0142 zakupiona dzia\u0142ka o pow. 3030 m kw. le\u017c\u0105ca obok osiedla, kt\u00f3r\u0105 przeznaczono pod budow\u0119 gara\u017cy<\/p><\/div><\/div><\/div><\/div><\/div><div class=\"swiper-slide\"><div class=\"project-year\"><h5 class=\"text-center\">1995<\/h5><div class=\"consulting-project\"><div class=\"consult-detail\"><img decoding=\"async\" src=\"https:\/\/smfredry.pl\/wp-content\/uploads\/2020\/02\/boisko.jpg\" class=\"img-fluid center-block\"  alt=\"#\"><\/div><div class=\"main-project clearfix text-left\"><div class=\"project-details\"><h4 class=\"mb-2\">Zakup teren\u00f3w pod budow\u0119 boiska sportowego<\/h4><p class=\"mb-0\"> <\/p><\/div><\/div><\/div><\/div><\/div><\/div><div class=\"swiper-scrollbar\"><\/div><\/div>[\/vc_column][\/vc_row][vc_row][vc_column][vc_row_inner][vc_column_inner offset=&#8221;vc_col-lg-offset-3 vc_col-lg-6&#8243;]<div class=\"title-box  text-center \"><span class=\"title-design\">Aktualno\u015bci<\/span><h2 class=\"title\">Dla mieszka\u0144c\u00f3w<\/h2><\/div>[\/vc_column_inner][\/vc_row_inner]\r\n    <div class=\"consultab-recentblog v1  \"><div class=\"owl-carousel\" data-dots=\"false\" data-nav=\"true\" data-items=\"3\" data-items-laptop=\"2\" data-items-tab=\"2\" data-items-mobile=\"1\" data-items-mobile-sm=\"1\" data-autoplay=\"true\" data-loop=\"true\" data-margin=\"30\">\r\n                <div class=\"item\">\r\n                    <div class=\"consulting-blog\">\r\n                        <div class=\"consult-detail\"><img decoding=\"async\" src=\"https:\/\/smfredry.pl\/wp-content\/uploads\/2019\/07\/04-min-2.jpg\" class=\"img-fluid center-block\" alt=\"blogimage0\"><ul class=\"list-inline blog-categories\"><li class=\"list-inline-item\"><a href=\"https:\/\/smfredry.pl\/index.php\/category\/informacje\/\"><span>Informacje<\/span><\/a><\/li><\/ul><div class=\"consult-effect\"><\/div><\/div><div class=\"main-blog clearfix\">\r\n                            <div class=\"blog-details\"><ul class=\"list-inline mb-2\"><li class=\"list-inline-item\">\r\n                                                <a href=\"https:\/\/smfredry.pl\/index.php\/2024\/02\/01\/\">\r\n                                                    <i class=\"fa fa-calendar mr-2\" aria-hidden=\"true\"><\/i>\r\n                                                    01 Feb 2024\r\n                                                <\/a>\r\n                                                <\/li><li class=\"list-inline-item\"><a href=\"https:\/\/smfredry.pl\/index.php\/author\/spoldzielnia\/\"><i class=\"fa fa-user-circle mr-2\" aria-hidden=\"true\"><\/i> Sp\u00f3\u0142dzielnia Fredry<\/a><\/li><\/ul>\r\n                                <a href=\"https:\/\/smfredry.pl\/index.php\/2024\/02\/01\/regulamin-c-o\/\">\r\n                                <h5 class=\"blog-title-post\">Regulamin C.O.<\/h5>\r\n                                <\/a><\/div><div class=\"blog-button\"><a href=\"https:\/\/smfredry.pl\/index.php\/2024\/02\/01\/regulamin-c-o\/\"><i aria-hidden=\"true\" class=\"ion ion-plus\"><\/i><\/a><\/div>\r\n                        <\/div>\r\n                    <\/div>\r\n                <\/div>\r\n                <div class=\"item\">\r\n                    <div class=\"consulting-blog\">\r\n                        <div class=\"consult-detail\"><img decoding=\"async\" src=\"https:\/\/smfredry.pl\/wp-content\/uploads\/2019\/08\/odpa2dy.jpg\" class=\"img-fluid center-block\" alt=\"blogimage1\"><ul class=\"list-inline blog-categories\"><li class=\"list-inline-item\"><a href=\"https:\/\/smfredry.pl\/index.php\/category\/informacje\/\"><span>Informacje<\/span><\/a><\/li><\/ul><div class=\"consult-effect\"><\/div><\/div><div class=\"main-blog clearfix\">\r\n                            <div class=\"blog-details\"><ul class=\"list-inline mb-2\"><li class=\"list-inline-item\">\r\n                                                <a href=\"https:\/\/smfredry.pl\/index.php\/2020\/01\/01\/\">\r\n                                                    <i class=\"fa fa-calendar mr-2\" aria-hidden=\"true\"><\/i>\r\n                                                    01 Jan 2020\r\n                                                <\/a>\r\n                                                <\/li><li class=\"list-inline-item\"><a href=\"https:\/\/smfredry.pl\/index.php\/author\/spoldzielnia\/\"><i class=\"fa fa-user-circle mr-2\" aria-hidden=\"true\"><\/i> Sp\u00f3\u0142dzielnia Fredry<\/a><\/li><\/ul>\r\n                                <a href=\"https:\/\/smfredry.pl\/index.php\/2020\/01\/01\/nor-again-is-there-anyone-who-loves-or-pursues-or-desires-2\/\">\r\n                                <h5 class=\"blog-title-post\">Informacja, gdzie oddawa\u0107 odpady<\/h5>\r\n                                <\/a><\/div><div class=\"blog-button\"><a href=\"https:\/\/smfredry.pl\/index.php\/2020\/01\/01\/nor-again-is-there-anyone-who-loves-or-pursues-or-desires-2\/\"><i aria-hidden=\"true\" class=\"ion ion-plus\"><\/i><\/a><\/div>\r\n                        <\/div>\r\n                    <\/div>\r\n                <\/div>\r\n                <div class=\"item\">\r\n                    <div class=\"consulting-blog\">\r\n                        <div class=\"consult-detail\"><img decoding=\"async\" src=\"https:\/\/smfredry.pl\/wp-content\/uploads\/2020\/02\/naprawa.jpg\" class=\"img-fluid center-block\" alt=\"blogimage2\"><ul class=\"list-inline blog-categories\"><li class=\"list-inline-item\"><a href=\"https:\/\/smfredry.pl\/index.php\/category\/informacje\/\"><span>Informacje<\/span><\/a><\/li><\/ul><div class=\"consult-effect\"><\/div><\/div><div class=\"main-blog clearfix\">\r\n                            <div class=\"blog-details\"><ul class=\"list-inline mb-2\"><li class=\"list-inline-item\">\r\n                                                <a href=\"https:\/\/smfredry.pl\/index.php\/2016\/10\/17\/\">\r\n                                                    <i class=\"fa fa-calendar mr-2\" aria-hidden=\"true\"><\/i>\r\n                                                    17 Oct 2016\r\n                                                <\/a>\r\n                                                <\/li><li class=\"list-inline-item\"><a href=\"https:\/\/smfredry.pl\/index.php\/author\/spoldzielnia\/\"><i class=\"fa fa-user-circle mr-2\" aria-hidden=\"true\"><\/i> Sp\u00f3\u0142dzielnia Fredry<\/a><\/li><\/ul>\r\n                                <a href=\"https:\/\/smfredry.pl\/index.php\/2016\/10\/17\/komunikat-krajowej-izby-kominiarzy\/\">\r\n                                <h5 class=\"blog-title-post\">Komunikat Krajowej Izby Kominiarzy<\/h5>\r\n                                <\/a><\/div><div class=\"blog-button\"><a href=\"https:\/\/smfredry.pl\/index.php\/2016\/10\/17\/komunikat-krajowej-izby-kominiarzy\/\"><i aria-hidden=\"true\" class=\"ion ion-plus\"><\/i><\/a><\/div>\r\n                        <\/div>\r\n                    <\/div>\r\n                <\/div>\r\n                <div class=\"item\">\r\n                    <div class=\"consulting-blog\">\r\n                        <div class=\"consult-detail\"><img decoding=\"async\" src=\"https:\/\/smfredry.pl\/wp-content\/uploads\/2020\/02\/naprawa.jpg\" class=\"img-fluid center-block\" alt=\"blogimage3\"><ul class=\"list-inline blog-categories\"><li class=\"list-inline-item\"><a href=\"https:\/\/smfredry.pl\/index.php\/category\/informacje\/\"><span>Informacje<\/span><\/a><\/li><\/ul><div class=\"consult-effect\"><\/div><\/div><div class=\"main-blog clearfix\">\r\n                            <div class=\"blog-details\"><ul class=\"list-inline mb-2\"><li class=\"list-inline-item\">\r\n                                                <a href=\"https:\/\/smfredry.pl\/index.php\/2016\/10\/01\/\">\r\n                                                    <i class=\"fa fa-calendar mr-2\" aria-hidden=\"true\"><\/i>\r\n                                                    01 Oct 2016\r\n                                                <\/a>\r\n                                                <\/li><li class=\"list-inline-item\"><a href=\"https:\/\/smfredry.pl\/index.php\/author\/spoldzielnia\/\"><i class=\"fa fa-user-circle mr-2\" aria-hidden=\"true\"><\/i> Sp\u00f3\u0142dzielnia Fredry<\/a><\/li><\/ul>\r\n                                <a href=\"https:\/\/smfredry.pl\/index.php\/2016\/10\/01\/komunikat-powiatowego-inspektoratu-nadzoru-budowlanego\/\">\r\n                                <h5 class=\"blog-title-post\">Komunikat Powiatowego Inspektoratu Nadzoru Budowlanego<\/h5>\r\n                                <\/a><\/div><div class=\"blog-button\"><a href=\"https:\/\/smfredry.pl\/index.php\/2016\/10\/01\/komunikat-powiatowego-inspektoratu-nadzoru-budowlanego\/\"><i aria-hidden=\"true\" class=\"ion ion-plus\"><\/i><\/a><\/div>\r\n                        <\/div>\r\n                    <\/div>\r\n                <\/div>\r\n                <div class=\"item\">\r\n                    <div class=\"consulting-blog\">\r\n                        <div class=\"consult-detail\"><img decoding=\"async\" src=\"https:\/\/smfredry.pl\/wp-content\/uploads\/2020\/02\/zagrozenie.jpg\" class=\"img-fluid center-block\" alt=\"blogimage4\"><ul class=\"list-inline blog-categories\"><li class=\"list-inline-item\"><a href=\"https:\/\/smfredry.pl\/index.php\/category\/informacje\/\"><span>Informacje<\/span><\/a><\/li><\/ul><div class=\"consult-effect\"><\/div><\/div><div class=\"main-blog clearfix\">\r\n                            <div class=\"blog-details\"><ul class=\"list-inline mb-2\"><li class=\"list-inline-item\">\r\n                                                <a href=\"https:\/\/smfredry.pl\/index.php\/2015\/12\/01\/\">\r\n                                                    <i class=\"fa fa-calendar mr-2\" aria-hidden=\"true\"><\/i>\r\n                                                    01 Dec 2015\r\n                                                <\/a>\r\n                                                <\/li><li class=\"list-inline-item\"><a href=\"https:\/\/smfredry.pl\/index.php\/author\/spoldzielnia\/\"><i class=\"fa fa-user-circle mr-2\" aria-hidden=\"true\"><\/i> Sp\u00f3\u0142dzielnia Fredry<\/a><\/li><\/ul>\r\n                                <a href=\"https:\/\/smfredry.pl\/index.php\/2015\/12\/01\/krajowa-mapa-zagrozen-bezpieczenstwa\/\">\r\n                                <h5 class=\"blog-title-post\">Krajowa Mapa Zagro\u017ce\u0144 Bezpiecze\u0144stwa<\/h5>\r\n                                <\/a><\/div><div class=\"blog-button\"><a href=\"https:\/\/smfredry.pl\/index.php\/2015\/12\/01\/krajowa-mapa-zagrozen-bezpieczenstwa\/\"><i aria-hidden=\"true\" class=\"ion ion-plus\"><\/i><\/a><\/div>\r\n                        <\/div>\r\n                    <\/div>\r\n                <\/div>\r\n        <\/div>\r\n    <\/div>[\/vc_column][\/vc_row][vc_row full_width=&#8221;stretch_row&#8221; css=&#8221;.vc_custom_1584389482900{background: #f6f5f7 url(https:\/\/smfredry.pl\/wp-content\/uploads\/2020\/02\/kontakt.jpg?id=4093) !important;}&#8221;][vc_column][vc_row_inner][vc_column_inner offset=&#8221;vc_col-lg-offset-3 vc_col-lg-6&#8243;]<div class=\"title-box text-white  text-center \"><span class=\"title-design\">Kontakt<\/span><h2 class=\"title\">Jak si\u0119 skontaktowa\u0107 ze sp\u00f3\u0142dzielni\u0105?<\/h2><\/div>[\/vc_column_inner][\/vc_row_inner][vc_row_inner css=&#8221;.vc_custom_1563270386094{padding-top: 300px !important;}&#8221;][vc_column_inner width=&#8221;1\/2&#8243; offset=&#8221;vc_col-lg-4 vc_col-md-4&#8243;]\r\r\n\t\t<div class=\"map-detail text-left  \">\r\r\n\t\t\t<h4>Telefon:<\/h4>\r\r\n\t\t\t<ul class=\"iq-list\"><li><i class=\"fas fa-phone-alt\"><\/i><span>14 68 13 056<\/span><\/li><\/ul>\r\r\n\t\t<\/div>[\/vc_column_inner][vc_column_inner el_class=&#8221;mt-lg-0 mt-md-0 mt-5&#8243; width=&#8221;1\/2&#8243; offset=&#8221;vc_col-lg-4 vc_col-md-4&#8243;]\r\r\n\t\t<div class=\"map-detail text-left  \">\r\r\n\t\t\t<h4>Fax:<\/h4>\r\r\n\t\t\t<ul class=\"iq-list\"><li><i class=\"fas fa-fax\"><\/i><span>14 67 63 591<\/span><\/li><\/ul>\r\r\n\t\t<\/div>[\/vc_column_inner][vc_column_inner el_class=&#8221;mt-lg-0 mt-md-5 mt-5&#8243; width=&#8221;1\/2&#8243; offset=&#8221;vc_col-lg-4 vc_col-md-4&#8243;]\r\r\n\t\t<div class=\"map-detail text-left  \">\r\r\n\t\t\t<h4>E-mail:<\/h4>\r\r\n\t\t\t<ul class=\"iq-list\"><li><i class=\"fas fa-envelope\"><\/i><span>smimafredry@wp.pl<\/span><\/li><\/ul>\r\r\n\t\t<\/div>[\/vc_column_inner][\/vc_row_inner][\/vc_column][\/vc_row]<\/p>\n","protected":false},"excerpt":{"rendered":"<p>[vc_row css=&#8221;.vc_custom_1562747978734{padding-top: 0px !important;padding-bottom: 0px !important;}&#8221;][vc_column][rev_slider_vc alias=&#8221;consultab1&#8243; el_class=&#8221;no-margin&#8221;][\/vc_column][\/vc_row][vc_row full_width=&#8221;stretch_row&#8221; css=&#8221;.vc_custom_1571207820419{background-color: #f7f7f9 !important;}&#8221; el_class=&#8221;service-effect-bg&#8221;][vc_column][vc_row_inner equal_height=&#8221;yes&#8221; content_placement=&#8221;middle&#8221;][vc_column_inner width=&#8221;2\/3&#8243; offset=&#8221;vc_col-lg-6 vc_col-md-6&#8243;][\/vc_column_inner][vc_column_inner el_class=&#8221;white-btn&#8221; offset=&#8221;vc_col-lg-6 vc_col-md-6&#8243;][\/vc_column_inner][\/vc_row_inner][vc_row_inner css=&#8221;.vc_custom_1567063302995{padding-top: 45px !important;}&#8221;][vc_column_inner el_class=&#8221;mt-lg-0 mt-5&#8243; offset=&#8221;vc_col-lg-4 vc_col-md-4&#8243;][\/vc_column_inner][vc_column_inner el_class=&#8221;mt-lg-0 mt-5&#8243; offset=&#8221;vc_col-lg-4 vc_col-md-4&#8243;][\/vc_column_inner][vc_column_inner offset=&#8221;vc_col-lg-4 vc_col-md-4&#8243;][\/vc_column_inner][\/vc_row_inner][\/vc_column][\/vc_row][vc_row][vc_column offset=&#8221;vc_col-lg-6 vc_col-md-6&#8243;][vc_column_text el_class=&#8221;mb-4&#8243;]\u0141\u0105cznie Sp\u00f3\u0142dzielnia liczy 415 mieszka\u0144, zlokalizowanych w 12 budynkach:[\/vc_column_text][\/vc_column][vc_column el_class=&#8221;text-lg-right mt-5 mt-lg-0&#8243; offset=&#8221;vc_col-lg-6 vc_col-md-6&#8243;][\/vc_column][\/vc_row][vc_row full_width=&#8221;stretch_row&#8221; parallax=&#8221;content-moving&#8221; parallax_image=&#8221;4072&#8243; el_class=&#8221;service-bg effect-banner&#8221;][vc_column][vc_row_inner][vc_column_inner [&hellip;]<\/p>\n","protected":false},"author":1,"featured_media":0,"parent":0,"menu_order":0,"comment_status":"closed","ping_status":"closed","template":"full-page.php","meta":{"_monsterinsights_skip_tracking":false,"_monsterinsights_sitenote_active":false,"_monsterinsights_sitenote_note":"","_monsterinsights_sitenote_category":0,"footnotes":""},"_links":{"self":[{"href":"https:\/\/smfredry.pl\/index.php\/wp-json\/wp\/v2\/pages\/3363"}],"collection":[{"href":"https:\/\/smfredry.pl\/index.php\/wp-json\/wp\/v2\/pages"}],"about":[{"href":"https:\/\/smfredry.pl\/index.php\/wp-json\/wp\/v2\/types\/page"}],"author":[{"embeddable":true,"href":"https:\/\/smfredry.pl\/index.php\/wp-json\/wp\/v2\/users\/1"}],"replies":[{"embeddable":true,"href":"https:\/\/smfredry.pl\/index.php\/wp-json\/wp\/v2\/comments?post=3363"}],"version-history":[{"count":41,"href":"https:\/\/smfredry.pl\/index.php\/wp-json\/wp\/v2\/pages\/3363\/revisions"}],"predecessor-version":[{"id":4534,"href":"https:\/\/smfredry.pl\/index.php\/wp-json\/wp\/v2\/pages\/3363\/revisions\/4534"}],"wp:attachment":[{"href":"https:\/\/smfredry.pl\/index.php\/wp-json\/wp\/v2\/media?parent=3363"}],"curies":[{"name":"wp","href":"https:\/\/api.w.org\/{rel}","templated":true}]}}